{"id":38,"date":"2012-08-16T03:07:04","date_gmt":"2012-08-16T03:07:04","guid":{"rendered":"http:\/\/www.treasurehimalaya.eu\/?page_id=38"},"modified":"2015-03-19T18:42:03","modified_gmt":"2015-03-19T18:42:03","slug":"38-2","status":"publish","type":"page","link":"https:\/\/tserkarmo.org\/de\/projekte\/38-2\/","title":{"rendered":"Sommer-Jugendcamp"},"content":{"rendered":"<p><\/p>\n<p><p>Zur F\u00f6rderung einer bewussten Auseinandersetzung mit der ladakhischen Kultur, Religion und Lebensweise im Spannungsfeld moderner westlicher Einfl\u00fcsse organisieren wir j\u00e4hrliche Sommercamps in Leh, der Hauptstadt von Ladakh. W\u00e4hrend dieser 5-t\u00e4gigen Veranstaltung soll den jungen Menschen in Vortr\u00e4gen, Seminaren und Diskussionsrunden die Kultur, Geschichte und Sprache Ladakhs sowie Grundlagen der buddhistischen Philosophie vermittelt werden. Unser Bestreben hierbei ist es, die Wertsch\u00e4tzung f\u00fcr die eigene traditionelle Lebensweise und Kultur zu f\u00f6rdern und dies mit den technologischen und sozialen Ver\u00e4nderungen in Einklang zu bringen.<\/p>\n<\/p>\n<p><\/p>","protected":false},"excerpt":{"rendered":"<p>Zur F\u00f6rderung einer bewussten Auseinandersetzung mit der ladakhischen Kultur, Religion und Lebensweise im Spannungsfeld moderner westlicher Einfl\u00fcsse organisieren wir j\u00e4hrliche Sommercamps in Leh, der Hauptstadt von Ladakh. W\u00e4hrend dieser 5-t\u00e4gigen <a class=\"more-link\" href=\"https:\/\/tserkarmo.org\/de\/projekte\/38-2\/\">Continue Reading &rarr;<\/a><\/p>\n","protected":false},"author":5,"featured_media":0,"parent":134,"menu_order":0,"comment_status":"closed","ping_status":"closed","template":"","meta":{"footnotes":""},"class_list":["post-38","page","type-page","status-publish","hentry"],"_links":{"self":[{"href":"https:\/\/tserkarmo.org\/de\/wp-json\/wp\/v2\/pages\/38","targetHints":{"allow":["GET"]}}],"collection":[{"href":"https:\/\/tserkarmo.org\/de\/wp-json\/wp\/v2\/pages"}],"about":[{"href":"https:\/\/tserkarmo.org\/de\/wp-json\/wp\/v2\/types\/page"}],"author":[{"embeddable":true,"href":"https:\/\/tserkarmo.org\/de\/wp-json\/wp\/v2\/users\/5"}],"replies":[{"embeddable":true,"href":"https:\/\/tserkarmo.org\/de\/wp-json\/wp\/v2\/comments?post=38"}],"version-history":[{"count":14,"href":"https:\/\/tserkarmo.org\/de\/wp-json\/wp\/v2\/pages\/38\/revisions"}],"predecessor-version":[{"id":457,"href":"https:\/\/tserkarmo.org\/de\/wp-json\/wp\/v2\/pages\/38\/revisions\/457"}],"up":[{"embeddable":true,"href":"https:\/\/tserkarmo.org\/de\/wp-json\/wp\/v2\/pages\/134"}],"wp:attachment":[{"href":"https:\/\/tserkarmo.org\/de\/wp-json\/wp\/v2\/media?parent=38"}],"curies":[{"name":"wp","href":"https:\/\/api.w.org\/{rel}","templated":true}]}}