{"id":35,"date":"2012-08-16T03:05:51","date_gmt":"2012-08-16T03:05:51","guid":{"rendered":"http:\/\/www.treasurehimalaya.eu\/?page_id=35"},"modified":"2014-12-10T23:05:12","modified_gmt":"2014-12-10T23:05:12","slug":"erhaltung-der-tibetischen-kultur-in-ladakh-textprojekt","status":"publish","type":"page","link":"https:\/\/tserkarmo.org\/de\/projekte\/erhaltung-der-tibetischen-kultur-in-ladakh-textprojekt\/","title":{"rendered":"Erhaltung der tibetischen Kultur in Ladakh"},"content":{"rendered":"<p><\/p>\n<p><\/p>\n<h2>Textprojekt<\/h2>\n<p>Die ladakhische Kultur hat ihre Wurzeln im benachbarten Tibet. Doch w\u00e4hrend in Tibet durch die chinesische Besetzung im Jahr 1951 und die sp\u00e4tere Kulturrevolution ein unsch\u00e4tzbares kulturelles Erbe vernichtet wurde, hat sich diese Kultur in Ladakh gr\u00f6\u00dftenteils noch erhalten k\u00f6nnen. Deshalb unterst\u00fctzen wir Projekte, die dem Erhalt von Kultur und Religion dienen.<\/p>\n<p>Eines dieser Projekte ist die Suche, Sammlung und Aufarbeitung von alten Texten, die sich mit der Historie Ladakhs befassen. \u00a0 Bisher wurden kaum verl\u00e4ssliche Schriften zur kulturellen Tradition und Geschichte Ladakhs ver\u00f6ffentlicht. Sicher existieren jedoch ein reicher Schatz und zahlreiche Texte zu diesen Themen, verstreut in ganz Ladakh. Um dieses Erbe zu erhalten und einer breiteren \u00d6ffentlichkeit verf\u00fcgbar zu machen, m\u00f6chten wir<\/p>\n<ul>\n<li>existierende Schriften auffinden und sammeln<\/li>\n<li>diese am PC erfassen, ver\u00f6ffentlichen und so f\u00fcr zuk\u00fcnftige Generationen bewahren<\/li>\n<li>und langfristig die erfassten Texte in verschiedene Sprachen \u00fcbersetzen<\/li>\n<\/ul>\n<p>Bereits in Arbeit sind drei B\u00e4nde zur Geschichte Ladakhs sowie den gro\u00dfen Kl\u00f6stern, von Lama Konchok Sonam, einer sowohl politisch wie auch religi\u00f6s herausragenden Pers\u00f6nlichkeit.<\/p>\n<p><\/p>","protected":false},"excerpt":{"rendered":"<p>Textprojekt Die ladakhische Kultur hat ihre Wurzeln im benachbarten Tibet. Doch w\u00e4hrend in Tibet durch die chinesische Besetzung im Jahr 1951 und die sp\u00e4tere Kulturrevolution ein unsch\u00e4tzbares kulturelles Erbe vernichtet <a class=\"more-link\" href=\"https:\/\/tserkarmo.org\/de\/projekte\/erhaltung-der-tibetischen-kultur-in-ladakh-textprojekt\/\">Continue Reading &rarr;<\/a><\/p>\n","protected":false},"author":5,"featured_media":0,"parent":134,"menu_order":0,"comment_status":"closed","ping_status":"closed","template":"","meta":{"footnotes":""},"class_list":["post-35","page","type-page","status-publish","hentry"],"_links":{"self":[{"href":"https:\/\/tserkarmo.org\/de\/wp-json\/wp\/v2\/pages\/35","targetHints":{"allow":["GET"]}}],"collection":[{"href":"https:\/\/tserkarmo.org\/de\/wp-json\/wp\/v2\/pages"}],"about":[{"href":"https:\/\/tserkarmo.org\/de\/wp-json\/wp\/v2\/types\/page"}],"author":[{"embeddable":true,"href":"https:\/\/tserkarmo.org\/de\/wp-json\/wp\/v2\/users\/5"}],"replies":[{"embeddable":true,"href":"https:\/\/tserkarmo.org\/de\/wp-json\/wp\/v2\/comments?post=35"}],"version-history":[{"count":12,"href":"https:\/\/tserkarmo.org\/de\/wp-json\/wp\/v2\/pages\/35\/revisions"}],"predecessor-version":[{"id":433,"href":"https:\/\/tserkarmo.org\/de\/wp-json\/wp\/v2\/pages\/35\/revisions\/433"}],"up":[{"embeddable":true,"href":"https:\/\/tserkarmo.org\/de\/wp-json\/wp\/v2\/pages\/134"}],"wp:attachment":[{"href":"https:\/\/tserkarmo.org\/de\/wp-json\/wp\/v2\/media?parent=35"}],"curies":[{"name":"wp","href":"https:\/\/api.w.org\/{rel}","templated":true}]}}