{"id":29,"date":"2012-08-16T03:00:04","date_gmt":"2012-08-16T03:00:04","guid":{"rendered":"http:\/\/www.treasurehimalaya.eu\/?page_id=29"},"modified":"2015-03-19T18:51:58","modified_gmt":"2015-03-19T18:51:58","slug":"patenschaften","status":"publish","type":"page","link":"https:\/\/tserkarmo.org\/de\/projekte\/patenschaften\/","title":{"rendered":"Patenschaften"},"content":{"rendered":"<p><\/p>\n<p><p>Bereits seit vielen Jahren engagieren wir uns in der Vermittlung von Patenschaften f\u00fcr bed\u00fcrftige Menschen, insbesondere in der Himalayaregion Ladakh. Mit einer Patenschaften werden vor allem Kinder, aber auch \u00e4ltere Menschen, Nonnen und M\u00f6nche, von deren Bed\u00fcrftigkeit wir uns pers\u00f6nlich \u00fcberzeugen konnten, unterst\u00fctzt.<\/p>\n<h2>Kinder<\/h2>\n<p>Regierungsschulen in Ladakh sind zwar geb\u00fchrenfrei, das Ausbildungsniveau an diesen Schulen ist jedoch sehr niedrig. Auch werden an den staatlichen Schulen die Werte der jahrhundertealten und reichen Kultur und religi\u00f6sen Tradition kaum vermittelt. Das Risiko, dass diese dadurch f\u00fcr immer verloren gehen, ist sehr gro\u00df. Jedoch k\u00f6nnen viele Familien aufgrund von Armut die hohen Geb\u00fchren f\u00fcr private und weiterf\u00fchrende Schulen, durch die sich den jungen Menschen erst eine aussichtsreiche Zukunftsperspektive er\u00f6ffnet, nicht aufbringen. Dies f\u00fchrt dazu, dass auch begabte Sch\u00fcler gezwungen sind, ihre Schulausbildung h\u00e4ufig bereits nach der Grundschule abbrechen zu m\u00fcssen.<a href=\"https:\/\/tserkarmo.org\/wp-content\/uploads\/2012\/08\/DSC09450.jpg\"><img loading=\"lazy\" decoding=\"async\" class=\"alignnone size-medium wp-image-435\" src=\"https:\/\/tserkarmo.org\/wp-content\/uploads\/2012\/08\/DSC09450-300x225.jpg\" alt=\"DSC09450\" width=\"300\" height=\"225\" srcset=\"https:\/\/tserkarmo.org\/wp-content\/uploads\/2012\/08\/DSC09450-300x225.jpg 300w, https:\/\/tserkarmo.org\/wp-content\/uploads\/2012\/08\/DSC09450-1024x768.jpg 1024w\" sizes=\"auto, (max-width: 300px) 100vw, 300px\" \/><\/a><\/p>\n<p>Verbunden mit einer individuellen Patenschaft ist nat\u00fcrlich ein pers\u00f6nlicher Kontakt zu den Kindern und deren Familien. Bei der \u00dcbernahme einer Patenschaft bekommen Sie die Adresse der Familie und so oft wie m\u00f6glich Informationen \u00fcber die Entwicklung des Kindes sowie aktuelle Fotos.<\/p>\n<h2>\u00c4ltere Menschen<\/h2>\n<p>In den D\u00f6rfern Ladakhs f\u00fchren h\u00e4ufig mehrere Generationen in einer Gro\u00dffamilie ein harmonisches Familienleben. So ist auch f\u00fcr die \u00e4ltere Generation gesorgt, deren Aufgabe oftmals die Betreuung der Enkel und Urenkel ist. Zu einer Belastung f\u00fcr die ganze Familie wird diese Form des Zusammenlebens jedoch, wenn das Einkommen nicht f\u00fcr beides, die Schulausbildung der Kinder und den Lebensunterhalt der Gro\u00dfeltern und evtl. Urgro\u00dfeltern, ausreicht. Aber auch in Ladakh leben \u00e4ltere Menschen, ohne den R\u00fcckhalt einer gro\u00dfen Familie, mittellos in gro\u00dfer Armut. Neben den fehlenden Mitteln f\u00fcr den t\u00e4glichen Lebensunterhalt, wird die medizinische Versorgung zum gr\u00f6\u00dften Problem. Wenn notwendige medizinische Behandlungen schon an den Kosten f\u00fcr den Transport in eines der wenigen Krankenh\u00e4user der Hauptstadt Leh scheitern, wird auch eine heilbare Krankheit schnell lebensbedrohlich.<\/p>\n<p>Deshalb liegt uns die Vermittlung von Patenschaften f\u00fcr \u00e4ltere, mittellose Menschen ganz besonders am Herzen.<\/p>\n<h2>Nonnen und M\u00f6nche<\/h2>\n<p>In der buddhistisch gepr\u00e4gten Kultur Ladakhs spielen die Nonnen und M\u00f6nche eine tragende Rolle im t\u00e4glichen Gemeinschaftsleben. Sie begleiten die Menschen in allen Lebenslagen, wie Geburt, Hochzeit, Krankheit und Tod und werden in regelm\u00e4\u00dfigen Abst\u00e4nden in die Familien zu Gebetszeremonien eingeladen. Die Kl\u00f6ster tragen in gro\u00dfem Ma\u00dfe zum kulturellen Leben bei. Insbesondere zu den j\u00e4hrlich stattfindenden Klosterfesten versammeln sich die Dorfbewohner um ihre religi\u00f6sen Traditionen zu pflegen und gemeinsam mit den Nonnen und M\u00f6nchen zu feiern.<\/p>\n<p>Mit einer Patenschaft f\u00fcr eine Nonne oder einen M\u00f6nch erm\u00f6glichen Sie diesen nicht nur eine fundierte weltliche und spirituelle Ausbildung, sondern tragen auch zum Erhalt dieser jahrhundertealten religi\u00f6sen Tradition und dem lebendigen kulturellen Gemeinschaftsleben in Ladakh bei.<\/p>\n<\/p>\n<p><\/p>","protected":false},"excerpt":{"rendered":"<p>Bereits seit vielen Jahren engagieren wir uns in der Vermittlung von Patenschaften f\u00fcr bed\u00fcrftige Menschen, insbesondere in der Himalayaregion Ladakh. Mit einer Patenschaften werden vor allem Kinder, aber auch \u00e4ltere <a class=\"more-link\" href=\"https:\/\/tserkarmo.org\/de\/projekte\/patenschaften\/\">Continue Reading &rarr;<\/a><\/p>\n","protected":false},"author":5,"featured_media":0,"parent":134,"menu_order":0,"comment_status":"closed","ping_status":"closed","template":"","meta":{"footnotes":""},"class_list":["post-29","page","type-page","status-publish","hentry"],"_links":{"self":[{"href":"https:\/\/tserkarmo.org\/de\/wp-json\/wp\/v2\/pages\/29","targetHints":{"allow":["GET"]}}],"collection":[{"href":"https:\/\/tserkarmo.org\/de\/wp-json\/wp\/v2\/pages"}],"about":[{"href":"https:\/\/tserkarmo.org\/de\/wp-json\/wp\/v2\/types\/page"}],"author":[{"embeddable":true,"href":"https:\/\/tserkarmo.org\/de\/wp-json\/wp\/v2\/users\/5"}],"replies":[{"embeddable":true,"href":"https:\/\/tserkarmo.org\/de\/wp-json\/wp\/v2\/comments?post=29"}],"version-history":[{"count":15,"href":"https:\/\/tserkarmo.org\/de\/wp-json\/wp\/v2\/pages\/29\/revisions"}],"predecessor-version":[{"id":114,"href":"https:\/\/tserkarmo.org\/de\/wp-json\/wp\/v2\/pages\/29\/revisions\/114"}],"up":[{"embeddable":true,"href":"https:\/\/tserkarmo.org\/de\/wp-json\/wp\/v2\/pages\/134"}],"wp:attachment":[{"href":"https:\/\/tserkarmo.org\/de\/wp-json\/wp\/v2\/media?parent=29"}],"curies":[{"name":"wp","href":"https:\/\/api.w.org\/{rel}","templated":true}]}}