{"id":24,"date":"2012-08-16T02:57:43","date_gmt":"2012-08-16T02:57:43","guid":{"rendered":"http:\/\/www.treasurehimalaya.eu\/?page_id=24"},"modified":"2020-12-09T16:31:19","modified_gmt":"2020-12-09T16:31:19","slug":"medizinisches-hilfsprojekt","status":"publish","type":"page","link":"https:\/\/tserkarmo.org\/de\/projekte\/medizinisches-hilfsprojekt\/","title":{"rendered":"Medizinisches Hilfsprojekt"},"content":{"rendered":"<p>F\u00fcr die Bev\u00f6lkerung Ladakhs ist die medizinische Versorgung oftmals ungen\u00fcgend. Zwar gibt es in der Hauptstadt Leh Krankenh\u00e4user, diese sind jedoch unzureichend ausgestattet und h\u00e4ufig \u00fcberlastet. Um einem breiteren Teil der Bev\u00f6lkerung den freien Zugang zu medizinischer Versorgung zu erm\u00f6glichen, organisieren wir j\u00e4hrlich medizinische Camps mit internationalen \u00c4rzteteams, die auf verschiedene Gebiete spezialisiert sind.<\/p>\n<p><a href=\"https:\/\/tserkarmo.org\/wp-content\/uploads\/2012\/08\/medical.collage-copy.jpg\" rel=\"attachment wp-att-481\"><img loading=\"lazy\" decoding=\"async\" class=\"wp-image-481 size-large aligncenter\" src=\"https:\/\/tserkarmo.org\/wp-content\/uploads\/2012\/08\/medical.collage-copy-1024x706.jpg\" alt=\"medical.collage copy\" width=\"640\" height=\"441\" srcset=\"https:\/\/tserkarmo.org\/wp-content\/uploads\/2012\/08\/medical.collage-copy-1024x706.jpg 1024w, https:\/\/tserkarmo.org\/wp-content\/uploads\/2012\/08\/medical.collage-copy-300x207.jpg 300w, https:\/\/tserkarmo.org\/wp-content\/uploads\/2012\/08\/medical.collage-copy-768x529.jpg 768w, https:\/\/tserkarmo.org\/wp-content\/uploads\/2012\/08\/medical.collage-copy.jpg 1280w\" sizes=\"auto, (max-width: 640px) 100vw, 640px\" \/><\/a><\/p>\n<p>Das erste erfolgreiche medizinische Camp im Sommer 2012 verdanken wir einem Team aus 10 Chirurgen und An\u00e4sthesisten von Interplast Deutschland. W\u00e4hrend des zehnt\u00e4gigen Camps wurden insgesamt 95 Patienten jeden Alters von den plastischen Chirurgen behandelt. Menschen mit schweren Verletzungen, wie Verbrennungen oder Missbildungen wie zum Beispiel Lippenspalte, Fehlstellungen und schlecht verheilten alten Verletzungen konnte nicht nur geholfen, sondern vor allem neue Hoffnung, Selbstbewusstsein und Lebensmut geschenkt werden. Vielen Patienten wurde durch die Behandlungen die Wiederaufnahme ihrer Arbeit erm\u00f6glicht und somit die Sicherung des Lebensunterhaltes f\u00fcr ihre Familien und die Wiedereingliederung in die Dorfgemeinschaft.<\/p>\n<p><a href=\"https:\/\/tserkarmo.org\/wp-content\/uploads\/2012\/08\/DSC_0194.jpg\" rel=\"attachment wp-att-480\"><img loading=\"lazy\" decoding=\"async\" class=\"size-medium wp-image-480 alignleft\" src=\"https:\/\/tserkarmo.org\/wp-content\/uploads\/2012\/08\/DSC_0194-300x200.jpg\" alt=\"DSC_0194\" width=\"300\" height=\"200\" srcset=\"https:\/\/tserkarmo.org\/wp-content\/uploads\/2012\/08\/DSC_0194-300x200.jpg 300w, https:\/\/tserkarmo.org\/wp-content\/uploads\/2012\/08\/DSC_0194-768x512.jpg 768w, https:\/\/tserkarmo.org\/wp-content\/uploads\/2012\/08\/DSC_0194-1024x683.jpg 1024w\" sizes=\"auto, (max-width: 300px) 100vw, 300px\" \/><\/a><\/p>\n<p>Wir sind sehr dankbar, dass Interplast Deutschland versprochen hat, auch in den n\u00e4chsten Jahren mit uns zusammenzuarbeiten und je nach Bedarf \u00c4rzte nach Ladakh zu senden. Das n\u00e4chste Camp ist bereits f\u00fcr Juli 2013 geplant, da viele im Sommer 2012 operierte Patienten noch weitere Behandlungen ben\u00f6tigen. Unser Ziel ist es dar\u00fcber hinaus, in den folgenden Jahren weitere Spezialisten zum Beispiel f\u00fcr Orthop\u00e4die, Internisten, Augen-, Frauen- und Zahnheilkunde zu unseren medizinischen Camps nach Ladakh zu holen.<\/p>\n<p>&nbsp;<\/p>\n<p>&nbsp;<\/p>\n<p><strong>\u00dcber Kontakte zu \u00c4rzten, die an einer Zusammenarbeit mit uns interessiert sind, w\u00fcrden wir uns sehr freuen. Bitte nehmen Sie Verbindung mit uns auf oder machen Sie Ihre Bekannten auf unser Projekt aufmerksam.<\/strong><\/p>\n<p>Nat\u00fcrlich sind diese j\u00e4hrlichen medizinischen Camps mit recht hohen Kosten verbunden. Abgesehen von den Kosten f\u00fcr die Unterbringung und Versorgung der \u00c4rzteteams, m\u00f6chten wir den oft mittellosen Patienten aus abgelegenen Ortschaften den Transport nach Leh und die Unterbringung dort finanzieren. Daher sind wir f\u00fcr jede finanzielle Unterst\u00fctzung dankbar.<a href=\"https:\/\/tserkarmo.org\/wp-content\/uploads\/2012\/08\/IMG_2034.jpg\" rel=\"attachment wp-att-482\"><img loading=\"lazy\" decoding=\"async\" class=\"size-medium wp-image-482 alignleft\" src=\"https:\/\/tserkarmo.org\/wp-content\/uploads\/2012\/08\/IMG_2034-200x300.jpg\" alt=\"IMG_2034\" width=\"200\" height=\"300\" srcset=\"https:\/\/tserkarmo.org\/wp-content\/uploads\/2012\/08\/IMG_2034-200x300.jpg 200w, https:\/\/tserkarmo.org\/wp-content\/uploads\/2012\/08\/IMG_2034-768x1152.jpg 768w, https:\/\/tserkarmo.org\/wp-content\/uploads\/2012\/08\/IMG_2034-683x1024.jpg 683w\" sizes=\"auto, (max-width: 200px) 100vw, 200px\" \/><\/a><\/p>\n<h1 class=\"title entry-title\">Den Erfolg des Free Medical Care Camp weiterf\u00fchren<\/h1>\n<p>Im Juni 2015 fand mit gro\u00dfem Erfolg im vierten Jahr ein Free Medical Care Camp in Leh, der Hauptstadt Ladakhs statt. W\u00e4hrend zwei Wochen waren zehn deutsche \u00c4rzte im Mahabodhi Krankenhaus und haben ca. 1600 Patienten, darunter viele Kinder, untersucht, behandelt und auch operiert. Das Team setzte sich aus \u00c4rzten der Allgemeinmedizin, der Kinder- und Frauenheilkunde sowie der allgemeinen und der plastischen Chirurgie zusammen. Ihr Engagement ist wirklich au\u00dfergew\u00f6hnlich, da sie ihre Urlaubszeit einsetzen und die Anreisekosten selbst \u00fcbernehmen. Lediglich die Unterbringung und Verpflegung vor Ort wird gestellt. Ein zweit\u00e4giges Urlaubsprogramm als kleines Dankesch\u00f6n soll die gro\u00dfe Wertsch\u00e4tzung ihres Einsatzes ausdr\u00fccken.<\/p>\n<p>&nbsp;<\/p>\n<p>Die Patienten, die in das Camp kommen, k\u00f6nnen sich h\u00e4ufig eine Behandlung in einem normalen Krankenhaus nicht leisten, insbesondere wenn plastische Chirurgie oder Gyn\u00e4kologie gefragt ist. Sie haben Vertrauen zu den \u00c4rzten, was sie indischen \u00c4rzten gegen\u00fcber h\u00e4ufig nicht haben. Frauen sind zudem immer wieder zu sch\u00fcchtern, um zu den einheimischen bekannten \u00c4rzten zu gehen.<a href=\"https:\/\/tserkarmo.org\/wp-content\/uploads\/2012\/08\/IMG_1655.jpg\" rel=\"attachment wp-att-478\"><img loading=\"lazy\" decoding=\"async\" class=\" wp-image-478 aligncenter\" src=\"https:\/\/tserkarmo.org\/wp-content\/uploads\/2012\/08\/IMG_1655-300x225.jpg\" alt=\"IMG_1655\" width=\"345\" height=\"259\" srcset=\"https:\/\/tserkarmo.org\/wp-content\/uploads\/2012\/08\/IMG_1655-300x225.jpg 300w, https:\/\/tserkarmo.org\/wp-content\/uploads\/2012\/08\/IMG_1655-768x576.jpg 768w, https:\/\/tserkarmo.org\/wp-content\/uploads\/2012\/08\/IMG_1655-1024x768.jpg 1024w\" sizes=\"auto, (max-width: 345px) 100vw, 345px\" \/><\/a><\/p>","protected":false},"excerpt":{"rendered":"<p>F\u00fcr die Bev\u00f6lkerung Ladakhs ist die medizinische Versorgung oftmals ungen\u00fcgend. Zwar gibt es in der Hauptstadt Leh Krankenh\u00e4user, diese sind jedoch unzureichend ausgestattet und h\u00e4ufig \u00fcberlastet. Um einem breiteren Teil <a class=\"more-link\" href=\"https:\/\/tserkarmo.org\/de\/projekte\/medizinisches-hilfsprojekt\/\">Continue Reading &rarr;<\/a><\/p>\n","protected":false},"author":5,"featured_media":0,"parent":134,"menu_order":0,"comment_status":"closed","ping_status":"closed","template":"","meta":{"footnotes":""},"class_list":["post-24","page","type-page","status-publish","hentry"],"_links":{"self":[{"href":"https:\/\/tserkarmo.org\/de\/wp-json\/wp\/v2\/pages\/24","targetHints":{"allow":["GET"]}}],"collection":[{"href":"https:\/\/tserkarmo.org\/de\/wp-json\/wp\/v2\/pages"}],"about":[{"href":"https:\/\/tserkarmo.org\/de\/wp-json\/wp\/v2\/types\/page"}],"author":[{"embeddable":true,"href":"https:\/\/tserkarmo.org\/de\/wp-json\/wp\/v2\/users\/5"}],"replies":[{"embeddable":true,"href":"https:\/\/tserkarmo.org\/de\/wp-json\/wp\/v2\/comments?post=24"}],"version-history":[{"count":14,"href":"https:\/\/tserkarmo.org\/de\/wp-json\/wp\/v2\/pages\/24\/revisions"}],"predecessor-version":[{"id":951,"href":"https:\/\/tserkarmo.org\/de\/wp-json\/wp\/v2\/pages\/24\/revisions\/951"}],"up":[{"embeddable":true,"href":"https:\/\/tserkarmo.org\/de\/wp-json\/wp\/v2\/pages\/134"}],"wp:attachment":[{"href":"https:\/\/tserkarmo.org\/de\/wp-json\/wp\/v2\/media?parent=24"}],"curies":[{"name":"wp","href":"https:\/\/api.w.org\/{rel}","templated":true}]}}