{"id":134,"date":"2012-10-23T15:52:42","date_gmt":"2012-10-23T15:52:42","guid":{"rendered":"http:\/\/www.treasurehimalaya.eu\/?page_id=134"},"modified":"2020-12-09T16:43:51","modified_gmt":"2020-12-09T16:43:51","slug":"projekte","status":"publish","type":"page","link":"https:\/\/tserkarmo.org\/de\/projekte\/","title":{"rendered":"Projekte"},"content":{"rendered":"<p><\/p>\n<p>Um dieses jahrhundertealte Kloster mit neuem Leben zu erf\u00fcllen, haben die M\u00f6nche des Klosters, gemeinsam mit der Dorfbev\u00f6lkerung von Tingmosgang, verschiedene Projekte ins Leben gerufen. Aus der Vision, dass Tserkarmo nicht nur ein traditionelles Kloster, sondern eine internationale Begegnungsst\u00e4tte sein sollte, entstanden vielf\u00e4ltige soziale und gemeinn\u00fctzige Aktivit\u00e4ten und die M\u00f6glichkeit, auf verschiedenste Weise die reichhaltige Geschichte, Kultur, und Religion Ladakhs kennen zu lernen.<\/p>\n<\/p>\n<p><\/p>","protected":false},"excerpt":{"rendered":"<p>Um dieses jahrhundertealte Kloster mit neuem Leben zu erf\u00fcllen, haben die M\u00f6nche des Klosters, gemeinsam mit der Dorfbev\u00f6lkerung von Tingmosgang, verschiedene Projekte ins Leben gerufen. Aus der Vision, dass Tserkarmo <a class=\"more-link\" href=\"https:\/\/tserkarmo.org\/de\/projekte\/\">Continue Reading &rarr;<\/a><\/p>\n","protected":false},"author":5,"featured_media":0,"parent":0,"menu_order":0,"comment_status":"closed","ping_status":"closed","template":"","meta":{"footnotes":""},"class_list":["post-134","page","type-page","status-publish","hentry"],"_links":{"self":[{"href":"https:\/\/tserkarmo.org\/de\/wp-json\/wp\/v2\/pages\/134","targetHints":{"allow":["GET"]}}],"collection":[{"href":"https:\/\/tserkarmo.org\/de\/wp-json\/wp\/v2\/pages"}],"about":[{"href":"https:\/\/tserkarmo.org\/de\/wp-json\/wp\/v2\/types\/page"}],"author":[{"embeddable":true,"href":"https:\/\/tserkarmo.org\/de\/wp-json\/wp\/v2\/users\/5"}],"replies":[{"embeddable":true,"href":"https:\/\/tserkarmo.org\/de\/wp-json\/wp\/v2\/comments?post=134"}],"version-history":[{"count":13,"href":"https:\/\/tserkarmo.org\/de\/wp-json\/wp\/v2\/pages\/134\/revisions"}],"predecessor-version":[{"id":997,"href":"https:\/\/tserkarmo.org\/de\/wp-json\/wp\/v2\/pages\/134\/revisions\/997"}],"wp:attachment":[{"href":"https:\/\/tserkarmo.org\/de\/wp-json\/wp\/v2\/media?parent=134"}],"curies":[{"name":"wp","href":"https:\/\/api.w.org\/{rel}","templated":true}]}}